{"id":1834,"date":"2023-05-19T10:30:36","date_gmt":"2023-05-19T09:30:36","guid":{"rendered":"https:\/\/cachaca.es\/reservar\/"},"modified":"2025-07-20T10:44:07","modified_gmt":"2025-07-20T09:44:07","slug":"reservar","status":"publish","type":"page","link":"https:\/\/cachaca.es\/ca\/reservar\/","title":{"rendered":"Reservar"},"content":{"rendered":"<div class=\"wpb-content-wrapper\"><p>[vc_row][vc_column][vc_empty_space height=&#8221;64px&#8221;][vc_column_text css=&#8221;&#8221;]<\/p>\n<h1 style=\"text-align: center;\">RESERVA A CACHACA, RESTAURANT ITALI\u00c0 AL BARRI G\u00d2TIC<\/h1>\n<h2 style=\"text-align: center;\">RESERVA EN L\u00cdNIA DE FORMA R\u00c0PIDA I SEGURA<\/h2>\n<p>Reserva la teva taula a Cachaca en nom\u00e9s uns clics. <a class=\"bodylink\" title=\"El nostre restaurant itali\u00e0\" href=\"https:\/\/cachaca.es\/ca\/\">El nostre restaurant itali\u00e0<\/a> t\u2019espera al cor de Barcelona, al encantador Barri G\u00f2tic. <a class=\"bodylink\" title=\"La nostra carta\" href=\"https:\/\/cachaca.es\/ca\/menu\/\">Gaudeix d\u2019una experi\u00e8ncia aut\u00e8ntica<\/a>, perfecta per a sopars rom\u00e0ntics, trobades amb amics o celebracions especials.[\/vc_column_text][vc_raw_html css=&#8221;.vc_custom_1752603016400{margin-left: -15px !important;}&#8221;]JTNDaWZyYW1lJTIwc3JjJTNEJTIyJTJGJTJGbW9kdWxlLmxhZm91cmNoZXR0ZS5jb20lMkZjYV9FUyUyRm1vZHVsZSUyRjIwNTM2MS1hZGJjZSUyMCUyMiUyMHN0eWxlJTNEJTIyd2lkdGglM0ElMjAxMDAlMjUlM0IlMjBtaW4taGVpZ2h0JTNBODAwcHglM0IlMjBib3JkZXIlM0Fub25lJTNCJTIwb3ZlcmZsb3clM0FzY3JvbGwlM0IlMjIlM0UlM0MlMkZpZnJhbWUlM0U=[\/vc_raw_html][vc_empty_space height=&#8221;64px&#8221;][\/vc_column][\/vc_row][vc_section][vc_row equal_height=&#8221;yes&#8221; content_placement=&#8221;middle&#8221;][vc_column][vc_empty_space][vc_column_text css=&#8221;&#8221;]<\/p>\n<h2 style=\"text-align: center;\">PREFEREIXES RESERVAR PER TEL\u00c8FON?<\/h2>\n<p style=\"text-align: left;\">Tens dubtes o prefereixes reservar per tel\u00e8fon? Truca&#8217;ns i estarem encantats d&#8217;ajudar-te a gestionar la teva reserva a Cachaca. Atenci\u00f3 propera i personalitzada, com a casa.<\/p>\n<p>[\/vc_column_text][vc_column_text css=&#8221;&#8221; el_class=&#8221;mad_btn-3&#8243;]<\/p>\n<p style=\"text-align: center;\"><a href=\"tel:+34692881458\">Trucar<\/a><\/p>\n<p>[\/vc_column_text][vc_empty_space height=&#8221;64px&#8221;][\/vc_column][\/vc_row][\/vc_section][vc_row][vc_column][vc_raw_js]JTNDc2NyaXB0JTNFJTBBJTBBalF1ZXJ5JTI4ZG9jdW1lbnQlMjkucmVhZHklMjhmdW5jdGlvbiUyOCUyOSUyMCU3QiUwQSUyMCUyMCUwQSUyMCUyMCUyMGpRdWVyeSUyOCUyNy5jc3MtMWp3dWpiZiUyNyUyOS5jc3MlMjglMjd3aWR0aCUyNyUyQyUyNzk2JTI1JTI3JTI5JTNCJTBBJTIwJTIwJTBBJTdEJTI5JTNCJTBBJTBBJTNDJTJGc2NyaXB0JTNF[\/vc_raw_js][\/vc_column][\/vc_row]<\/p>\n<\/div>","protected":false},"excerpt":{"rendered":"<p>[vc_row][vc_column][vc_empty_space height=&#8221;64px&#8221;][vc_column_text css=&#8221;&#8221;] RESERVA A CACHACA, RESTAURANT ITALI\u00c0 AL BARRI G\u00d2TIC RESERVA EN L\u00cdNIA DE FORMA R\u00c0PIDA I SEGURA Reserva la teva taula a Cachaca en nom\u00e9s uns clics. El nostre restaurant itali\u00e0 t\u2019espera al cor de Barcelona, al encantador Barri G\u00f2tic. Gaudeix d\u2019una experi\u00e8ncia aut\u00e8ntica, perfecta per a sopars rom\u00e0ntics, trobades amb amics o celebracions especials.[\/vc_column_text][vc_raw_html css=&#8221;.vc_custom_1752603016400{margin-left: -15px !important;}&#8221;]JTNDaWZyYW1lJTIwc3JjJTNEJTIyJTJGJTJGbW9kdWxlLmxhZm91cmNoZXR0ZS5jb20lMkZjYV9FUyUyRm1vZHVsZSUyRjIwNTM2MS1hZGJjZSUyMCUyMiUyMHN0eWxlJTNEJTIyd2lkdGglM0ElMjAxMDAlMjUlM0IlMjBtaW4taGVpZ2h0JTNBODAwcHglM0IlMjBib3JkZXIlM0Fub25lJTNCJTIwb3ZlcmZsb3clM0FzY3JvbGwlM0IlMjIlM0UlM0MlMkZpZnJhbWUlM0U=[\/vc_raw_html][vc_empty_space &#8230; <\/p>\n<p class=\"read-more-container\"><a title=\"Reservar\" class=\"read-more button\" href=\"https:\/\/cachaca.es\/ca\/reservar\/#more-1834\" aria-label=\"Read more about Reservar\">Llegir m\u00e9s<\/a><\/p>\n","protected":false},"author":7,"featured_media":0,"parent":0,"menu_order":0,"comment_status":"closed","ping_status":"closed","template":"","meta":{"_acf_changed":false,"footnotes":""},"class_list":{"0":"post-1834","1":"page","2":"type-page","3":"status-publish","5":"infinite-scroll-item"},"acf":[],"_links":{"self":[{"href":"https:\/\/cachaca.es\/ca\/wp-json\/wp\/v2\/pages\/1834","targetHints":{"allow":["GET"]}}],"collection":[{"href":"https:\/\/cachaca.es\/ca\/wp-json\/wp\/v2\/pages"}],"about":[{"href":"https:\/\/cachaca.es\/ca\/wp-json\/wp\/v2\/types\/page"}],"author":[{"embeddable":true,"href":"https:\/\/cachaca.es\/ca\/wp-json\/wp\/v2\/users\/7"}],"replies":[{"embeddable":true,"href":"https:\/\/cachaca.es\/ca\/wp-json\/wp\/v2\/comments?post=1834"}],"version-history":[{"count":7,"href":"https:\/\/cachaca.es\/ca\/wp-json\/wp\/v2\/pages\/1834\/revisions"}],"predecessor-version":[{"id":2333,"href":"https:\/\/cachaca.es\/ca\/wp-json\/wp\/v2\/pages\/1834\/revisions\/2333"}],"wp:attachment":[{"href":"https:\/\/cachaca.es\/ca\/wp-json\/wp\/v2\/media?parent=1834"}],"curies":[{"name":"wp","href":"https:\/\/api.w.org\/{rel}","templated":true}]}}