{"id":2431,"date":"2025-07-23T11:01:44","date_gmt":"2025-07-23T10:01:44","guid":{"rendered":"https:\/\/cachaca.es\/prueba\/"},"modified":"2025-07-26T21:30:07","modified_gmt":"2025-07-26T20:30:07","slug":"contacte","status":"publish","type":"page","link":"https:\/\/cachaca.es\/ca\/contacte\/","title":{"rendered":"Contacte"},"content":{"rendered":"<div class=\"wpb-content-wrapper\"><p>[vc_row][vc_column][vc_empty_space][vc_column_text css=&#8221;&#8221;]<\/p>\n<h1 style=\"text-align: center;\" data-start=\"278\" data-end=\"346\">CONTACTA, RESERVA O VINE AL NOSTRE RESTAURANT ITALI\u00c0 A BARCELONA<\/h1>\n<p>Tens algun dubte? Vols fer una reserva o celebrar alguna cosa especial? Aqu\u00ed trobar\u00e0s tota la informaci\u00f3 per contactar amb Cachaca: adre\u00e7a, horaris i com arribar al nostre restaurant itali\u00e0 al Barri G\u00f2tic de Barcelona.[\/vc_column_text][\/vc_column][\/vc_row][vc_row equal_height=&#8221;yes&#8221; content_placement=&#8221;middle&#8221; el_class=&#8221;contact-page-wrapper&#8221;][vc_column width=&#8221;1\/2&#8243; el_class=&#8221;mobile-order-2&#8243;][vc_single_image image=&#8221;2336&#8243; img_size=&#8221;full&#8221; alignment=&#8221;center&#8221; css=&#8221;&#8221; el_class=&#8221;img-blocco-1&#8243;][\/vc_column][vc_column width=&#8221;1\/2&#8243; el_class=&#8221;mobile-order-1&#8243;][vc_column_text css=&#8221;&#8221; el_class=&#8221;contacto-titulo&#8221;]<\/p>\n<article class=\"text-token-text-primary w-full\" dir=\"auto\" data-testid=\"conversation-turn-106\" data-scroll-anchor=\"true\">\n<div class=\"text-base my-auto mx-auto pb-10 [--thread-content-margin:--spacing(4)] @[37rem]:[--thread-content-margin:--spacing(6)] @[72rem]:[--thread-content-margin:--spacing(16)] px-(--thread-content-margin)\">\n<div class=\"[--thread-content-max-width:32rem] @[34rem]:[--thread-content-max-width:40rem] @[64rem]:[--thread-content-max-width:48rem] mx-auto max-w-(--thread-content-max-width) flex-1 group\/turn-messages focus-visible:outline-hidden relative flex w-full min-w-0 flex-col agent-turn\" tabindex=\"-1\">\n<div class=\"flex max-w-full flex-col grow\">\n<div class=\"min-h-8 text-message relative flex w-full flex-col items-end gap-2 text-start break-words whitespace-normal [.text-message+&amp;]:mt-5\" dir=\"auto\" data-message-author-role=\"assistant\" data-message-id=\"1613f6b6-1770-4d95-a81c-84b5ffa4af39\" data-message-model-slug=\"gpt-4o\">\n<div class=\"flex w-full flex-col gap-1 empty:hidden first:pt-[3px]\">\n<div class=\"markdown prose dark:prose-invert w-full break-words light\">\n<h2 style=\"text-align: center;\" data-start=\"0\" data-end=\"19\">INFORMACI\u00d3 DE CONTACTE<\/h2>\n<\/div>\n<\/div>\n<\/div>\n<\/div>\n<\/div>\n<\/div>\n<\/article>\n<p>[\/vc_column_text][vc_column_text css=&#8221;&#8221;]<\/p>\n<p style=\"margin: 0 auto 1.5em auto; width: 60%; text-align: center;\">Ens trobem al bell mig del Barri G\u00f2tic de Barcelona.<\/p>\n<p style=\"text-align: center;\">\ud83d\udccd <strong>Adre\u00e7a:<\/strong><br \/>\nCarrer d\u2019Ata\u00fclf, 5<br \/>\n08002 Barcelona<\/p>\n<p style=\"text-align: center;\">\ud83d\udcde <strong>Tel\u00e8fon:<\/strong><br \/>\n<a class=\"bodylink\" title=\"Llamanos\" href=\"tel:+34692881458\">(+34) 692 881 458<\/a><\/p>\n<p style=\"text-align: center;\">\ud83d\udd17 <strong>Segueix-nos a les xarxes socials:<\/strong><\/p>\n<p>[\/vc_column_text][vc_raw_html css=&#8221;&#8221;]JTNDZGl2JTIwc3R5bGUlM0QlMjJkaXNwbGF5JTNBJTIwZmxleCUzQiUyMGp1c3RpZnktY29udGVudCUzQSUyMGNlbnRlciUzQiUyMGFsaWduLWl0ZW1zJTNBJTIwY2VudGVyJTNCJTIwZ2FwJTNBJTIwMTJweCUzQiUyMiUzRSUwQSUyMCUyMCUzQ2ElMjBocmVmJTNEJTIybWFpbHRvJTNBaW5mbyU0MGNhY2hhY2EuZXMlMjIlMjB0YXJnZXQlM0QlMjJfYmxhbmslMjIlMjBhcmlhLWxhYmVsJTNEJTIyRW52aWElMjB1biUyMGNvcnJldSUyMGElMjBDYWNoYWNhJTIyJTIwc3R5bGUlM0QlMjJjb2xvciUzQSUyMHZhciUyOC0tY29udHJhc3QlMjklM0IlMjIlM0UlMEElMjAlMjAlMjAlMjAlM0NpJTIwY2xhc3MlM0QlMjJmYS1yZWd1bGFyJTIwZmEtZW52ZWxvcGUlMjBmYS14bCUyMiUzRSUzQyUyRmklM0UlMEElMjAlMjAlM0MlMkZhJTNFJTBBJTIwJTIwJTNDYSUyMGhyZWYlM0QlMjJodHRwcyUzQSUyRiUyRnd3dy5mYWNlYm9vay5jb20lMkZjYWNoYWNhcmVzdGF1cmFudGUlMjIlMjB0YXJnZXQlM0QlMjJfYmxhbmslMjIlMjBhcmlhLWxhYmVsJTNEJTIyQ2FjaGFjYSUyMGVuJTIwRmFjZWJvb2slMjIlMjBzdHlsZSUzRCUyMmNvbG9yJTNBJTIwdmFyJTI4LS1jb250cmFzdCUyOSUzQiUyMiUzRSUwQSUyMCUyMCUyMCUyMCUzQ2klMjBjbGFzcyUzRCUyMmZhLWJyYW5kcyUyMGZhLXNxdWFyZS1mYWNlYm9vayUyMGZhLXhsJTIyJTNFJTNDJTJGaSUzRSUwQSUyMCUyMCUzQyUyRmElM0UlMEElMjAlMjAlM0NhJTIwaHJlZiUzRCUyMmh0dHBzJTNBJTJGJTJGd3d3Lmluc3RhZ3JhbS5jb20lMkZjYWNoYWNhcmVzdGF1cmFudGUlMkYlMjIlMjB0YXJnZXQlM0QlMjJfYmxhbmslMjIlMjBhcmlhLWxhYmVsJTNEJTIyQ2FjaGFjYSUyMGVuJTIwSW5zdGFncmFtJTIyJTIwc3R5bGUlM0QlMjJjb2xvciUzQSUyMHZhciUyOC0tY29udHJhc3QlMjklM0IlMjIlM0UlMEElMjAlMjAlMjAlMjAlM0NpJTIwY2xhc3MlM0QlMjJmYS1icmFuZHMlMjBmYS1pbnN0YWdyYW0lMjBmYS14bCUyMiUzRSUzQyUyRmklM0UlMEElMjAlMjAlM0MlMkZhJTNFJTBBJTIwJTIwJTNDYSUyMGhyZWYlM0QlMjJodHRwcyUzQSUyRiUyRnd3dy50cmlwYWR2aXNvci5lcyUyRlJlc3RhdXJhbnRfUmV2aWV3LWcxODc0OTctZDk3NTYyNjktUmV2aWV3cy1DYWNoYWNhX1Jlc3RhdXJhbnRlLUJhcmNlbG9uYV9DYXRhbG9uaWEuaHRtbCUyMiUyMHRhcmdldCUzRCUyMl9ibGFuayUyMiUyMGFyaWEtbGFiZWwlM0QlMjJDYWNoYWNhJTIwZW4lMjBUcmlwQWR2aXNvciUyMiUzRSUwQSUyMCUyMCUyMCUyMCUzQ2ltZyUyMHNyYyUzRCUyMmh0dHBzJTNBJTJGJTJGY2FjaGFjYS5lcyUyRndwLWNvbnRlbnQlMkZ1cGxvYWRzJTJGMjAyNSUyRjA3JTJGdHJpcGFkdmlzb3IucG5nJTIyJTIwYWx0JTNEJTIyVHJpcEFkdmlzb3IlMjIlMjBzdHlsZSUzRCUyMmhlaWdodCUzQSUyMDI0cHglM0IlMjB3aWR0aCUzQSUyMDI0cHglM0IlMjB2ZXJ0aWNhbC1hbGlnbiUzQSUyMG1pZGRsZSUzQiUyMiUzRSUwQSUyMCUyMCUzQyUyRmElM0UlMEElM0MlMkZkaXYlM0U=[\/vc_raw_html][vc_column_text css=&#8221;&#8221; el_class=&#8221;mad_btn-3&#8243;]<\/p>\n<p style=\"text-align: center;\"><a title=\"Reserva ara!\" href=\"https:\/\/cachaca.es\/ca\/reservar\/\">Reserva ara!<\/a><\/p>\n<p>[\/vc_column_text][\/vc_column][\/vc_row][vc_row][vc_column][vc_column_text][\/vc_column_text][\/vc_column][\/vc_row][vc_row equal_height=&#8221;yes&#8221; content_placement=&#8221;middle&#8221;][vc_column width=&#8221;1\/2&#8243;][vc_column_text css=&#8221;&#8221; el_class=&#8221;contacto-titulo&#8221;]<\/p>\n<h2 style=\"text-align: center;\">HORARIS<\/h2>\n<p>[\/vc_column_text][vc_column_text css=&#8221;&#8221;]<\/p>\n<p style=\"margin: 0 auto 1.5em auto; width: 60%; text-align: center;\">A Cachaca t\u2019esperem cada dia perqu\u00e8 gaudeixis d\u2019una experi\u00e8ncia italiana aut\u00e8ntica, en un ambient informal i ple de sabor.<\/p>\n<p style=\"margin: 0 auto 1.5em auto; width: 60%; text-align: center;\">\u2600\ufe0f <strong>Dinars:<\/strong><br \/>\nDissabtes i Diumenges<br \/>\nde 13:00h a 16:00h<br \/>\n<small class=\"text-muted fst-italic\">Servei de migdia disponible nom\u00e9s els caps de setmana<\/small><\/p>\n<p style=\"text-align: center;\">\ud83c\udf19 <strong>Sopars:<\/strong><br \/>\nDe Dilluns a Diumenge<br \/>\nde 19:00h a 00:00h<\/p>\n<p>[\/vc_column_text][vc_column_text css=&#8221;&#8221; el_class=&#8221;mad_btn-3&#8243;]<\/p>\n<p style=\"text-align: center;\"><a title=\"Reserva ara!\" href=\"https:\/\/cachaca.es\/ca\/reservar\/\">Reserva ara!<\/a><\/p>\n<p>[\/vc_column_text][\/vc_column][vc_column width=&#8221;1\/2&#8243;][vc_single_image image=&#8221;2340&#8243; img_size=&#8221;full&#8221; alignment=&#8221;center&#8221; css=&#8221;&#8221; el_class=&#8221;mobile-order-1&#8243;][\/vc_column][\/vc_row][vc_row][vc_column][vc_column_text css=&#8221;&#8221;]<\/p>\n<h2 style=\"text-align: center;\">UBICACI\u00d3<\/h2>\n<p>Ens trobem en ple Barri G\u00f2tic de Barcelona, a pocs passos de la Pla\u00e7a Reial i de les Rambles. Consulta el mapa o fes servir el teu GPS per arribar f\u00e0cilment al restaurant.[\/vc_column_text][vc_raw_html css=&#8221;&#8221;]JTNDZGl2JTIwY2xhc3MlM0QlMjJtYXAtcmVzcG9uc2l2ZSUyMiUzRSUwQSUyMCUyMCUzQ2lmcmFtZSUwQSUyMCUyMCUyMCUyMHNyYyUzRCUyMmh0dHBzJTNBJTJGJTJGd3d3Lmdvb2dsZS5jb20lMkZtYXBzJTJGZW1iZWQlM0ZwYiUzRCUyMTFtMTglMjExbTEyJTIxMW0zJTIxMWQyOTkzLjY2NzYyMDA4MDc4NzQlMjEyZDIuMTc2MTY2MDc2NTE5MTgxJTIxM2Q0MS4zODEzMDU1OTYzNzE3JTIxMm0zJTIxMWYwJTIxMmYwJTIxM2YwJTIxM20yJTIxMWkxMDI0JTIxMmk3NjglMjE0ZjEzLjElMjEzbTMlMjExbTIlMjExczB4MTJhNGEyZjhiYWI3MzNhMyUyNTNBMHhkZmExMTIwYWY3Nzc0ZTY0JTIxMnNDYWNoYWNhJTI1MjBSZXN0YXVyYW50JTIxNWUwJTIxM20yJTIxMXNlcyUyMTJzZXMlMjE0djE2ODQzMzQ1Nzg1MzglMjE1bTIlMjExc2VzJTIxMnNlcyUyMiUwQSUyMCUyMCUyMCUyMHdpZHRoJTNEJTIyMTAwJTI1JTIyJTBBJTIwJTIwJTIwJTIwaGVpZ2h0JTNEJTIyNTAwJTIyJTBBJTIwJTIwJTIwJTIwc3R5bGUlM0QlMjJib3JkZXIlM0EwJTNCJTIyJTBBJTIwJTIwJTIwJTIwYWxsb3dmdWxsc2NyZWVuJTNEJTIyJTIyJTBBJTIwJTIwJTIwJTIwbG9hZGluZyUzRCUyMmxhenklMjIlMEElMjAlMjAlMjAlMjByZWZlcnJlcnBvbGljeSUzRCUyMm5vLXJlZmVycmVyLXdoZW4tZG93bmdyYWRlJTIyJTBBJTIwJTIwJTIwJTIwdGl0bGUlM0QlMjJMb2NhdGlvbiUyMG9mJTIwQ2FjaGFjYSUyMFJlc3RhdXJhbnQlMjBpbiUyMEJhcmNlbG9uYSUyMiUzRSUwQSUyMCUyMCUzQyUyRmlmcmFtZSUzRSUwQSUzQyUyRmRpdiUzRQ==[\/vc_raw_html][vc_column_text css=&#8221;&#8221;]Abans de visitar-nos, pots fer una ullada a la <a class=\"bodylink\" title=\"La nostra carta\" href=\"https:\/\/cachaca.es\/ca\/menu\/\">nostra carta<\/a> o consultar la <a class=\"bodylink\" title=\"Cachaca Restaurant Itali\u00e0 Barcelona\" href=\"https:\/\/cachaca.es\/ca\/\">p\u00e0gina principal<\/a> per con\u00e8ixer millor Cachaca.[\/vc_column_text][vc_empty_space][vc_column_text css=&#8221;&#8221;]<\/p>\n<h2 style=\"text-align: center;\">CONTACTA&#8217;NS<\/h2>\n<p>Per a qualsevol consulta, informaci\u00f3 o sol\u00b7licitud especial, no dubtis a escriure&#8217;ns a trav\u00e9s del formulari. Et respondrem al m\u00e9s aviat possible![\/vc_column_text]\n<div class=\"wpcf7 no-js\" id=\"wpcf7-f2432-o1\" lang=\"ca-ES\" dir=\"ltr\" data-wpcf7-id=\"2432\">\n<div class=\"screen-reader-response\"><p role=\"status\" aria-live=\"polite\" aria-atomic=\"true\"><\/p> <ul><\/ul><\/div>\n<form action=\"\/ca\/wp-json\/wp\/v2\/pages\/2431#wpcf7-f2432-o1\" method=\"post\" class=\"wpcf7-form init\" aria-label=\"Contact form\" novalidate=\"novalidate\" data-status=\"init\">\n<fieldset class=\"hidden-fields-container\"><input type=\"hidden\" name=\"_wpcf7\" value=\"2432\" \/><input type=\"hidden\" name=\"_wpcf7_version\" value=\"6.1.5\" \/><input type=\"hidden\" name=\"_wpcf7_locale\" value=\"ca_ES\" \/><input type=\"hidden\" name=\"_wpcf7_unit_tag\" value=\"wpcf7-f2432-o1\" \/><input type=\"hidden\" name=\"_wpcf7_container_post\" value=\"0\" \/><input type=\"hidden\" name=\"_wpcf7_posted_data_hash\" value=\"\" \/><input type=\"hidden\" name=\"_wpcf7_recaptcha_response\" value=\"\" \/>\n<\/fieldset>\n<div class=\"mad_cf7\">\n\t<div class=\"vc_row vc_el-clearfix\">\n\t\t<div class=\"vc_col-xs-12 vc_col-sm-6 vc_col-md-4\">\n\t\t\t<p><label for=\"cliente-nombre\" class=\"mad_cf7-field\">Nom i cognoms *<\/label><br \/>\n<span class=\"wpcf7-form-control-wrap\" data-name=\"cliente-nombre\"><input size=\"40\" maxlength=\"400\" class=\"wpcf7-form-control wpcf7-text wpcf7-validates-as-required\" id=\"cliente-nombre\" aria-required=\"true\" aria-invalid=\"false\" value=\"\" type=\"text\" name=\"cliente-nombre\" \/><\/span>\n\t\t\t<\/p>\n\t\t<\/div>\n\t\t<div class=\"vc_col-xs-12 vc_col-sm-6 vc_col-md-4\">\n\t\t\t<p><label for=\"cliente-mail\" class=\"mad_cf7-field\">Correu electr\u00f2nic *<\/label><br \/>\n<span class=\"wpcf7-form-control-wrap\" data-name=\"cliente-mail\"><input size=\"40\" maxlength=\"400\" class=\"wpcf7-form-control wpcf7-email wpcf7-validates-as-required wpcf7-text wpcf7-validates-as-email\" id=\"cliente-mail\" aria-required=\"true\" aria-invalid=\"false\" value=\"\" type=\"email\" name=\"cliente-mail\" \/><\/span>\n\t\t\t<\/p>\n\t\t<\/div>\n\t\t<div class=\"vc_col-xs-12 vc_col-sm-6 vc_col-md-4\">\n\t\t\t<p><label for=\"cliente-telf\" class=\"mad_cf7-field\">Tel\u00e8fon<\/label><br \/>\n<span class=\"wpcf7-form-control-wrap\" data-name=\"cliente-telf\"><input size=\"40\" maxlength=\"400\" class=\"wpcf7-form-control wpcf7-tel wpcf7-text wpcf7-validates-as-tel\" id=\"cliente-telf\" aria-invalid=\"false\" value=\"\" type=\"tel\" name=\"cliente-telf\" \/><\/span>\n\t\t\t<\/p>\n\t\t<\/div>\n\t\t<div class=\"vc_col-xs-12\">\n\t\t\t<p><label for=\"cliente-consulta\" class=\"mad_cf7-field\">Consulta *<\/label><br \/>\n<span class=\"wpcf7-form-control-wrap\" data-name=\"cliente-consulta\"><textarea cols=\"40\" rows=\"10\" maxlength=\"2000\" class=\"wpcf7-form-control wpcf7-textarea wpcf7-validates-as-required\" id=\"cliente-consulta\" aria-required=\"true\" aria-invalid=\"false\" name=\"cliente-consulta\"><\/textarea><\/span>\n\t\t\t<\/p>\n\t\t<\/div>\n\t<\/div>\n\t<div class=\"vc_row vc_el-clearfix\">\n\t\t<div class=\"vc_col-xs-12\">\n\t\t\t<p><label class=\"mad_cf7-privacidad\"><br \/>\n<span class=\"wpcf7-form-control-wrap\" data-name=\"privacidad\"><span class=\"wpcf7-form-control wpcf7-acceptance\"><span class=\"wpcf7-list-item\"><input type=\"checkbox\" name=\"privacidad\" value=\"1\" aria-invalid=\"false\" \/><\/span><\/span><\/span> He llegit i accepto <a style=\"color:#74777b; text-decoration:underline;\" href=\"https:\/\/cachaca.es\/ca\/politica-privacitat\/\">la pol\u00edtica de privacitat<\/a> d\u2019aquesta p\u00e0gina web.<br \/>\n<\/label>\n\t\t\t<\/p>\n\t\t<\/div>\n\t\t<div class=\"vc_col-xs-12\">\n\t\t\t<p><input class=\"wpcf7-form-control wpcf7-submit has-spinner c7b_boton-enviar\" type=\"submit\" value=\"ENVIAR\" \/>\n\t\t\t<\/p>\n\t\t<\/div>\n\t<\/div>\n<\/div><input type='hidden' class='wpcf7-pum' value='{\"closepopup\":false,\"closedelay\":0,\"openpopup\":false,\"openpopup_id\":0}' \/><div class=\"wpcf7-response-output\" aria-hidden=\"true\"><\/div>\n<\/form>\n<\/div>\n[vc_column_text css=&#8221;&#8221;]<strong>Responsable del tractament:<\/strong> Cachaca Restaurant<br data-start=\"46\" data-end=\"49\" \/><strong>Finalitat:<\/strong> Atendre la sol\u00b7licitud de l\u2019usuari<br data-start=\"94\" data-end=\"97\" \/><strong>Legitimaci\u00f3:<\/strong> Consentiment de l\u2019interessat<br data-start=\"138\" data-end=\"141\" \/><strong>Cessions:<\/strong> No es preveuen cessions, excepte obligaci\u00f3 legal o requeriment judicial<br data-start=\"222\" data-end=\"225\" \/><strong>Drets:<\/strong> Acc\u00e9s, rectificaci\u00f3, supressi\u00f3, oposici\u00f3, limitaci\u00f3, portabilitat, revocaci\u00f3 del consentiment. Si considera que el tractament de les seves dades no s\u2019ajusta a la normativa, pot adre\u00e7ar-se a l\u2019Autoritat de Control (<a class=\"bodylink\" href=\"https:\/\/www.aepd.es\" target=\"_blank\" rel=\"noopener\">www.aepd.es<\/a>).[\/vc_column_text][\/vc_column][\/vc_row]<\/p>\n<\/div>","protected":false},"excerpt":{"rendered":"<p>[vc_row][vc_column][vc_empty_space][vc_column_text css=&#8221;&#8221;] CONTACTA, RESERVA O VINE AL NOSTRE RESTAURANT ITALI\u00c0 A BARCELONA Tens algun dubte? Vols fer una reserva o celebrar alguna cosa especial? Aqu\u00ed trobar\u00e0s tota la informaci\u00f3 per contactar amb Cachaca: adre\u00e7a, horaris i com arribar al nostre restaurant itali\u00e0 al Barri G\u00f2tic de Barcelona.[\/vc_column_text][\/vc_column][\/vc_row][vc_row equal_height=&#8221;yes&#8221; content_placement=&#8221;middle&#8221; el_class=&#8221;contact-page-wrapper&#8221;][vc_column width=&#8221;1\/2&#8243; el_class=&#8221;mobile-order-2&#8243;][vc_single_image image=&#8221;2336&#8243; img_size=&#8221;full&#8221; alignment=&#8221;center&#8221; css=&#8221;&#8221; el_class=&#8221;img-blocco-1&#8243;][\/vc_column][vc_column width=&#8221;1\/2&#8243; el_class=&#8221;mobile-order-1&#8243;][vc_column_text css=&#8221;&#8221; &#8230; <\/p>\n<p class=\"read-more-container\"><a title=\"Contacte\" class=\"read-more button\" href=\"https:\/\/cachaca.es\/ca\/contacte\/#more-2431\" aria-label=\"Read more about Contacte\">Llegir m\u00e9s<\/a><\/p>\n","protected":false},"author":7,"featured_media":0,"parent":0,"menu_order":0,"comment_status":"closed","ping_status":"closed","template":"","meta":{"_acf_changed":false,"footnotes":""},"class_list":{"0":"post-2431","1":"page","2":"type-page","3":"status-publish","5":"infinite-scroll-item"},"acf":[],"_links":{"self":[{"href":"https:\/\/cachaca.es\/ca\/wp-json\/wp\/v2\/pages\/2431","targetHints":{"allow":["GET"]}}],"collection":[{"href":"https:\/\/cachaca.es\/ca\/wp-json\/wp\/v2\/pages"}],"about":[{"href":"https:\/\/cachaca.es\/ca\/wp-json\/wp\/v2\/types\/page"}],"author":[{"embeddable":true,"href":"https:\/\/cachaca.es\/ca\/wp-json\/wp\/v2\/users\/7"}],"replies":[{"embeddable":true,"href":"https:\/\/cachaca.es\/ca\/wp-json\/wp\/v2\/comments?post=2431"}],"version-history":[{"count":6,"href":"https:\/\/cachaca.es\/ca\/wp-json\/wp\/v2\/pages\/2431\/revisions"}],"predecessor-version":[{"id":2539,"href":"https:\/\/cachaca.es\/ca\/wp-json\/wp\/v2\/pages\/2431\/revisions\/2539"}],"wp:attachment":[{"href":"https:\/\/cachaca.es\/ca\/wp-json\/wp\/v2\/media?parent=2431"}],"curies":[{"name":"wp","href":"https:\/\/api.w.org\/{rel}","templated":true}]}}