{"id":287,"date":"2023-03-28T09:08:18","date_gmt":"2023-03-28T08:08:18","guid":{"rendered":"https:\/\/app.dev.madsys.com\/mad-base\/inicio\/"},"modified":"2025-08-06T19:58:32","modified_gmt":"2025-08-06T18:58:32","slug":"inicio__trashed","status":"publish","type":"page","link":"https:\/\/cachaca.es\/ca\/","title":{"rendered":"Cachaca"},"content":{"rendered":"<div class=\"wpb-content-wrapper\"><p>[vc_section full_width=&#8221;stretch_row_content&#8221; el_id=&#8221;home-portada&#8221; css=&#8221;.vc_custom_1705654207771{background-image: url(\/wp-content\/uploads\/2025\/08\/cachaca-home-scaled-IA.webp) !important;background-position: center !important;background-repeat: no-repeat !important;background-size: cover !important;}&#8221;][\/vc_section][vc_section][vc_row][vc_column][vc_column_text css=&#8221;&#8221;]<\/p>\n<h1 style=\"text-align: center;\">BENVINGUT A CACHACA, EL TEU RESTAURANT ITALI\u00c0 BARCELONA!<\/h1>\n<p>[\/vc_column_text][\/vc_column][\/vc_row][\/vc_section][vc_section][vc_row equal_height=&#8221;yes&#8221; content_placement=&#8221;middle&#8221;][vc_column width=&#8221;2\/3&#8243; el_class=&#8221;home-pad-left&#8221; offset=&#8221;vc_hidden-lg vc_hidden-md&#8221;][vc_single_image image=&#8221;1476&#8243; img_size=&#8221;full&#8221;][\/vc_column][\/vc_row][vc_row equal_height=&#8221;yes&#8221; content_placement=&#8221;middle&#8221;][vc_column width=&#8221;1\/3&#8243; el_class=&#8221;col-txt&#8221;][vc_single_image image=&#8221;1465&#8243; img_size=&#8221;full&#8221; el_class=&#8221;icono-home&#8221;][vc_column_text css=&#8221;&#8221; el_class=&#8221;col-txt&#8221;]<\/p>\n<h2>CACHACA RESTAURANT<\/h2>\n<p><span style=\"font-weight: 400;\">Cachaca \u00e9s un restaurant especialitzat en cuina italiana tradicional i casolana. <a class=\"bodylink\" href=\"https:\/\/cachaca.es\/ca\/menu\/\">Els nostres plats<\/a> s\u2019elaboren amb ingredients frescos i d\u2019alta qualitat, seleccionats acuradament entre els millors productes italians, i s\u2019acompanyen d\u2019una cuidada selecci\u00f3 de vins de diverses regions d\u2019It\u00e0lia.<\/span>[\/vc_column_text][\/vc_column][vc_column width=&#8221;2\/3&#8243; el_class=&#8221;home-pad-left&#8221; offset=&#8221;vc_hidden-sm vc_hidden-xs&#8221;][vc_single_image image=&#8221;1476&#8243; img_size=&#8221;full&#8221;][\/vc_column][vc_column][vc_empty_space height=&#8221;77px&#8221;][\/vc_column][\/vc_row][vc_row equal_height=&#8221;yes&#8221; content_placement=&#8221;middle&#8221;][vc_column width=&#8221;2\/3&#8243; el_class=&#8221;home-pad-right&#8221;][vc_single_image image=&#8221;1480&#8243; img_size=&#8221;full&#8221;][\/vc_column][vc_column width=&#8221;1\/3&#8243;][vc_single_image image=&#8221;1467&#8243; img_size=&#8221;full&#8221; el_class=&#8221;icono-home&#8221;][vc_column_text css=&#8221;&#8221; el_class=&#8221;col-txt&#8221;]<\/p>\n<h2>UN ESPAI PARA GAUDIR<\/h2>\n<p>Com a restaurant itali\u00e0 Barcelona, volem que cada client se senti com a casa. A Cachaca gaudir\u00e0s d\u2019un ambient relaxat i acollidor, on la calidesa de la fusta i la llum de les espelmes creen un entorn cl\u00e0ssic i tranquil, animat per una selecci\u00f3 musical curosament escollida. A Cachaca, no nom\u00e9s servim menjar: compartim una experi\u00e8ncia. <a class=\"bodylink\" href=\"https:\/\/cachaca.es\/ca\/reservar\/\">Vine a descobrir<\/a> un rac\u00f3 d\u2019It\u00e0lia al bell mig del Barri G\u00f2tic.[\/vc_column_text][vc_empty_space height=&#8221;64px&#8221;][\/vc_column][\/vc_row][vc_row equal_height=&#8221;yes&#8221; content_placement=&#8221;middle&#8221;][vc_column width=&#8221;2\/3&#8243; el_class=&#8221;home-pad-left&#8221; offset=&#8221;vc_hidden-lg vc_hidden-md&#8221;][vc_single_image image=&#8221;1482&#8243; img_size=&#8221;full&#8221;][\/vc_column][\/vc_row][vc_row equal_height=&#8221;yes&#8221; content_placement=&#8221;middle&#8221;][vc_column offset=&#8221;vc_hidden-sm vc_hidden-xs&#8221;][vc_empty_space height=&#8221;77px&#8221;][\/vc_column][vc_column width=&#8221;1\/3&#8243; el_class=&#8221;col-txt&#8221;][vc_single_image image=&#8221;1463&#8243; img_size=&#8221;full&#8221; el_class=&#8221;icono-home&#8221;][vc_column_text css=&#8221;&#8221; el_class=&#8221;col-txt&#8221;]<\/p>\n<h2>ESS\u00c8NCIA MEDITERR\u00c0NIA<\/h2>\n<p>La tradici\u00f3 culin\u00e0ria italiana, inspirada en els sabors i productes del Mediterrani, es caracteritza per la seva senzillesa i l\u2019enfocament en ingredients frescos i d\u2019alta qualitat. Amb arrels locals i culturals profundes, els seus plats destaquen sabors aut\u00e8ntics com l\u2019oli d\u2019oliva, els formatges, les especialitats t\u00edpiques i les herbes fresques.[\/vc_column_text][\/vc_column][vc_column width=&#8221;2\/3&#8243; el_class=&#8221;home-pad-left&#8221; offset=&#8221;vc_hidden-sm vc_hidden-xs&#8221;][vc_single_image image=&#8221;1482&#8243; img_size=&#8221;full&#8221;][\/vc_column][\/vc_row][vc_row][vc_column][vc_empty_space height=&#8221;77px&#8221;][\/vc_column][\/vc_row][\/vc_section][vc_section full_width=&#8221;stretch_row&#8221; css=&#8221;.vc_custom_1705653716608{background-image: url(\/wp-content\/uploads\/2024\/01\/cachaca-2-b35-scaled.jpg?id=1499) !important;background-position: center !important;background-repeat: no-repeat !important;background-size: cover !important;}&#8221; el_id=&#8221;home-opiniones&#8221;][vc_row equal_height=&#8221;yes&#8221;][vc_column][vc_empty_space height=&#8221;50px&#8221; el_class=&#8221;vc_hidden-sm vc_hidden-xs&#8221;][\/vc_column][vc_column width=&#8221;1\/3&#8243;][vc_empty_space height=&#8221;50px&#8221;][vc_column_text el_class=&#8221;text-white&#8221;]<\/p>\n<h3 style=\"text-align: left;\">&#8211; ABC.es<\/h3>\n<blockquote style=\"padding: 0;\"><p>&#8220;Aquest restaurant ofereix una cuina toscana de receptes de l&#8217;\u00e0via que us deixa sense paraules. La seva dedicaci\u00f3, afany i amor els han fet guanyar-se el gust del p\u00fablic&#8221;<\/p><\/blockquote>\n<p>[\/vc_column_text][vc_empty_space height=&#8221;50px&#8221; el_class=&#8221;vc_hidden-xs vc_hidden-sm&#8221;][\/vc_column][vc_column width=&#8221;1\/3&#8243; css=&#8221;.vc_custom_1705652969973{background-image: url(\/wp-content\/uploads\/2024\/01\/separator.png?id=1507) !important;background-position: center !important;background-repeat: no-repeat !important;background-size: contain !important;}&#8221; el_class=&#8221;separadores&#8221;][vc_single_image image=&#8221;1637&#8243; img_size=&#8221;full&#8221; alignment=&#8221;center&#8221; el_class=&#8221;sep-horizontal&#8221;][\/vc_column][vc_column width=&#8221;1\/3&#8243;][vc_empty_space height=&#8221;50px&#8221; el_class=&#8221;vc_hidden-xs&#8221;][vc_column_text el_class=&#8221;text-white&#8221;]<\/p>\n<h3 style=\"text-align: left;\">&#8211; EL CONFIDENCIAL.es<\/h3>\n<blockquote style=\"padding: 0;\"><p>&#8220;Captiva els seus clients amb plats tan rics com els papardelle amb porc senglar, el malfatti o els gnocchis de bolets&#8221;<\/p><\/blockquote>\n<p>[\/vc_column_text][vc_empty_space height=&#8221;50px&#8221; el_class=&#8221;vc_hidden-sm vc_hidden-xs&#8221;][\/vc_column][vc_column][vc_empty_space height=&#8221;50px&#8221; el_class=&#8221;vc_hidden-sm vc_hidden-xs&#8221;][vc_empty_space height=&#8221;35px&#8221;][\/vc_column][\/vc_row][\/vc_section]<\/p>\n<\/div>","protected":false},"excerpt":{"rendered":"<p>[vc_section full_width=&#8221;stretch_row_content&#8221; el_id=&#8221;home-portada&#8221; css=&#8221;.vc_custom_1705654207771{background-image: url(\/wp-content\/uploads\/2025\/08\/cachaca-home-scaled-IA.webp) !important;background-position: center !important;background-repeat: no-repeat !important;background-size: cover !important;}&#8221;][\/vc_section][vc_section][vc_row][vc_column][vc_column_text css=&#8221;&#8221;] BENVINGUT A CACHACA, EL TEU RESTAURANT ITALI\u00c0 BARCELONA! [\/vc_column_text][\/vc_column][\/vc_row][\/vc_section][vc_section][vc_row equal_height=&#8221;yes&#8221; content_placement=&#8221;middle&#8221;][vc_column width=&#8221;2\/3&#8243; el_class=&#8221;home-pad-left&#8221; offset=&#8221;vc_hidden-lg vc_hidden-md&#8221;][vc_single_image image=&#8221;1476&#8243; img_size=&#8221;full&#8221;][\/vc_column][\/vc_row][vc_row equal_height=&#8221;yes&#8221; content_placement=&#8221;middle&#8221;][vc_column width=&#8221;1\/3&#8243; el_class=&#8221;col-txt&#8221;][vc_single_image image=&#8221;1465&#8243; img_size=&#8221;full&#8221; el_class=&#8221;icono-home&#8221;][vc_column_text css=&#8221;&#8221; el_class=&#8221;col-txt&#8221;] CACHACA RESTAURANT Cachaca \u00e9s un restaurant especialitzat en cuina italiana tradicional i casolana. Els nostres plats s\u2019elaboren amb ingredients frescos i &#8230; <\/p>\n<p class=\"read-more-container\"><a title=\"Cachaca\" class=\"read-more button\" href=\"https:\/\/cachaca.es\/ca\/#more-287\" aria-label=\"Read more about Cachaca\">Llegir m\u00e9s<\/a><\/p>\n","protected":false},"author":7,"featured_media":0,"parent":0,"menu_order":0,"comment_status":"closed","ping_status":"closed","template":"","meta":{"_acf_changed":false,"footnotes":""},"class_list":{"0":"post-287","1":"page","2":"type-page","3":"status-publish","5":"infinite-scroll-item"},"acf":[],"_links":{"self":[{"href":"https:\/\/cachaca.es\/ca\/wp-json\/wp\/v2\/pages\/287","targetHints":{"allow":["GET"]}}],"collection":[{"href":"https:\/\/cachaca.es\/ca\/wp-json\/wp\/v2\/pages"}],"about":[{"href":"https:\/\/cachaca.es\/ca\/wp-json\/wp\/v2\/types\/page"}],"author":[{"embeddable":true,"href":"https:\/\/cachaca.es\/ca\/wp-json\/wp\/v2\/users\/7"}],"replies":[{"embeddable":true,"href":"https:\/\/cachaca.es\/ca\/wp-json\/wp\/v2\/comments?post=287"}],"version-history":[{"count":19,"href":"https:\/\/cachaca.es\/ca\/wp-json\/wp\/v2\/pages\/287\/revisions"}],"predecessor-version":[{"id":2559,"href":"https:\/\/cachaca.es\/ca\/wp-json\/wp\/v2\/pages\/287\/revisions\/2559"}],"wp:attachment":[{"href":"https:\/\/cachaca.es\/ca\/wp-json\/wp\/v2\/media?parent=287"}],"curies":[{"name":"wp","href":"https:\/\/api.w.org\/{rel}","templated":true}]}}