{"id":1807,"date":"2023-05-18T14:14:13","date_gmt":"2023-05-18T13:14:13","guid":{"rendered":"https:\/\/cachaca.es\/?page_id=1807"},"modified":"2025-07-19T10:49:28","modified_gmt":"2025-07-19T09:49:28","slug":"menu","status":"publish","type":"page","link":"https:\/\/cachaca.es\/it\/menu\/","title":{"rendered":"Menu"},"content":{"rendered":"<div class=\"wpb-content-wrapper\"><p>[vc_section full_width=&#8221;stretch_row&#8221; el_id=&#8221;mad_menu-rste&#8221; css=&#8221;.vc_custom_1691400563488{margin-top: 32px !important;margin-bottom: 32px !important;background-position: center !important;background-repeat: no-repeat !important;background-size: cover !important;border-radius: 35px !important;}&#8221;][vc_row full_width=&#8221;stretch_row&#8221; css=&#8221;.vc_custom_1691147055915{background-position: center !important;background-repeat: no-repeat !important;background-size: contain !important;}&#8221; el_id=&#8221;menu-parte1&#8243;][vc_column][vc_empty_space height=&#8221;30px&#8221;][vc_column_text css=&#8221;&#8221;]<\/p>\n<h1 style=\"text-align: center;\">ESPLORA I SAPORI AUTENTICI DELLA NOSTRA CUCINA ITALIANA<\/h1>\n<p>Mangiare bene \u00e8 molto pi\u00f9 che scegliere un piatto: \u00e8 lasciarsi trasportare dal ritmo di una cucina sincera, che parla di origine, cura e attenzione ai dettagli.<\/p>\n<p>Il nostro men\u00f9 nasce con questa intenzione: offrirti un\u2019esperienza italiana autentica, pensata per condividere, gustare e ricordare.<\/p>\n<p>Cucinare bene \u00e8 un atto di cura: valorizzare la semplicit\u00e0, trattare ogni ingrediente con rispetto e lasciare che i sapori parlino da soli.<\/p>\n<p>Esplora, scegli, assapora. Questo \u00e8 il nostro modo di <a class=\"bodylink\" title=\"Prenota il tuo tavolo\" href=\"https:\/\/cachaca.es\/it\/prenotazioni\/\">darti il benvenuto a tavola<\/a>.<\/p>\n<h2 style=\"text-align: center;\">Men\u00f9 Ristorante Italiano Barcellona<\/h2>\n<p>[\/vc_column_text]<div id=\"advanced-tabs-desc-wrap-1192\" class=\"ult_tabs \" style=\" \" data-tabsstyle=\"style3\"\n data-titlebg=\"#e7ecea\" data-titlecolor=\"#502a1e\" data-fullheight=\"off\"\n data-titlehoverbg=\"#4f90d1\" data-titlehovercolor=\"#b10004\"\n data-rotatetabs=\"0\" data-responsivemode=\"Both\" data-animation=\"Fade\"\ndata-activetitle=\"#b10004\" data-activeicon=\"\" data-activebg=\"#4f90d1\"  data-respmode=\"Tabs\" data-respwidth=\"400\" data-scroll = \"on\" data-activeindex=\"1\"><ul id=advanced-tabs-wrap-3366 class=\"ult_tabmenu style3 \" style=\"\"><li class=\"ult_tab_li  \" data-iconcolor=\"#74777b\" data-iconhover=\"#ffffff\" style=\"background-color:#e7ecea;border-color:transparent;border-width:0px;border-style:solid;border-top-left-radius:8px;\">\n\t\t\t\t\t<a href=\"#menu-comidas\"  id=\"menu-comidas\"  style=\"color:#502a1e;;   \" class=\"ult_a  \">\n\t\t\t\t\t     <span class=\"ult_tab_main Both \">\n\t\t\t\t\t \t\t <span class=\"ult_tab_section\">\n\t\t\t\t\t   \t\t\t<span  data-ultimate-target='#advanced-tabs-wrap-3366 .ult-span-text'  data-responsive-json-new='{\"font-size\":\"desktop:19px;\",\"line-height\":\"\"}'  class=\"ult-span-text no_icon ult_tab_display_text ult-responsive\" style=\";\">PIETANZE<\/span>\n\t\t\t\t\t   \t\t<\/span>\n\t\t\t\t\t\t<\/span>\n\t\t\t\t\t<\/a>\n\t\t\t\t\t<\/li><li class=\"ult_tab_li  \" data-iconcolor=\"#74777b\" data-iconhover=\"#ffffff\" style=\"background-color:#e7ecea;border-color:transparent;border-width:0px;border-style:solid;border-top-right-radius:8px;\">\n\t\t\t\t\t<a href=\"#menu-vinos\"  id=\"menu-vinos\"  style=\"color:#502a1e;;   \" class=\"ult_a  \">\n\t\t\t\t\t     <span class=\"ult_tab_main Both \">\n\t\t\t\t\t \t\t <span class=\"ult_tab_section\">\n\t\t\t\t\t   \t\t\t<span  data-ultimate-target='#advanced-tabs-wrap-3366 .ult-span-text'  data-responsive-json-new='{\"font-size\":\"desktop:19px;\",\"line-height\":\"\"}'  class=\"ult-span-text no_icon ult_tab_display_text ult-responsive\" style=\";\">VINI<\/span>\n\t\t\t\t\t   \t\t<\/span>\n\t\t\t\t\t\t<\/span>\n\t\t\t\t\t<\/a>\n\t\t\t\t\t<\/li><\/ul><div  data-ultimate-target='#advanced-tabs-desc-wrap-1192 .ult_tabcontent .ult_tab_min_contain  p'  data-responsive-json-new='{\"font-size\":\"\",\"line-height\":\"\"}' class=\"ult_tabcontent ult-responsive style3\" style=\"color:#74777b;\"><div class=\"ult_tab_min_contain \" >\n\t\t\t<div  class=\"ult_tabitemname\"  >\n\t\t\t\t[vc_raw_html]JTNDZGl2JTIwaWQlM0QlMjJmb3RvLW1lbnUtY29taWRhJTIyJTNFJTBBJTNDJTJGZGl2JTNF[\/vc_raw_html][vc_column_text css=&#8221;&#8221; el_class=&#8221;titulo&#8221;]<\/p>\n<h2>ANTIPASTI<\/h2>\n<p>[\/vc_column_text][vc_basic_grid post_type=&#8221;plato-bebida&#8221; max_items=&#8221;-1&#8243; element_width=&#8221;12&#8243; gap=&#8221;35&#8243; item=&#8221;667&#8243; initial_loading_animation=&#8221;none&#8221; grid_id=&#8221;vc_gid:1752918142959-030242f5-8a4d-2&#8243; taxonomies=&#8221;49&#8243;][vc_column_text css=&#8221;&#8221; el_class=&#8221;titulo&#8221;]<\/p>\n<h2>PRIMI<\/h2>\n<p>[\/vc_column_text][vc_basic_grid post_type=&#8221;plato-bebida&#8221; max_items=&#8221;-1&#8243; element_width=&#8221;12&#8243; gap=&#8221;35&#8243; item=&#8221;667&#8243; initial_loading_animation=&#8221;none&#8221; grid_id=&#8221;vc_gid:1752918142959-d2d1af35-fd64-0&#8243; taxonomies=&#8221;52&#8243;][vc_column_text css=&#8221;&#8221; el_class=&#8221;titulo&#8221;]<\/p>\n<h2>SECONDI<\/h2>\n<p>[\/vc_column_text][vc_basic_grid post_type=&#8221;plato-bebida&#8221; max_items=&#8221;-1&#8243; element_width=&#8221;12&#8243; gap=&#8221;35&#8243; item=&#8221;667&#8243; initial_loading_animation=&#8221;none&#8221; grid_id=&#8221;vc_gid:1752918142959-0b9bde16-f969-5&#8243; taxonomies=&#8221;53&#8243;][vc_column_text css=&#8221;&#8221; el_class=&#8221;titulo&#8221;]<\/p>\n<h2>DESSERT<\/h2>\n<p>[\/vc_column_text][vc_basic_grid post_type=&#8221;plato-bebida&#8221; max_items=&#8221;-1&#8243; element_width=&#8221;12&#8243; gap=&#8221;35&#8243; item=&#8221;667&#8243; initial_loading_animation=&#8221;none&#8221; grid_id=&#8221;vc_gid:1752918142959-5e93052a-1a3c-3&#8243; taxonomies=&#8221;56&#8243;]\n\t\t\t<\/div>\n\t\t\t<div  class=\"ult_tabitemname\"  >\n\t\t\t\t[vc_raw_html]JTNDZGl2JTIwaWQlM0QlMjJmb3RvLW1lbnUtYmViaWRhJTIyJTNFJTBBJTNDJTJGZGl2JTNF[\/vc_raw_html][vc_column_text css=&#8221;&#8221; el_class=&#8221;titulo&#8221;]<\/p>\n<h2>VINI ROSSI<\/h2>\n<p>[\/vc_column_text][vc_basic_grid post_type=&#8221;plato-bebida&#8221; max_items=&#8221;-1&#8243; element_width=&#8221;12&#8243; gap=&#8221;35&#8243; item=&#8221;667&#8243; initial_loading_animation=&#8221;none&#8221; grid_id=&#8221;vc_gid:1752918142959-f2a0b1bd-a3c3-4&#8243; taxonomies=&#8221;58&#8243;][vc_column_text css=&#8221;&#8221; el_class=&#8221;titulo&#8221;]<\/p>\n<h2>VINI BIANCHI<\/h2>\n<p>[\/vc_column_text][vc_basic_grid post_type=&#8221;plato-bebida&#8221; max_items=&#8221;-1&#8243; element_width=&#8221;12&#8243; gap=&#8221;35&#8243; item=&#8221;667&#8243; initial_loading_animation=&#8221;none&#8221; grid_id=&#8221;vc_gid:1752918142960-08c6e350-f882-7&#8243; taxonomies=&#8221;59&#8243;][vc_column_text css=&#8221;&#8221; el_class=&#8221;titulo&#8221;]<\/p>\n<h2>VINI ROSATI<\/h2>\n<p>[\/vc_column_text][vc_basic_grid post_type=&#8221;plato-bebida&#8221; max_items=&#8221;-1&#8243; element_width=&#8221;12&#8243; gap=&#8221;35&#8243; item=&#8221;667&#8243; initial_loading_animation=&#8221;none&#8221; grid_id=&#8221;vc_gid:1752918142960-18789bd8-131b-5&#8243; taxonomies=&#8221;60&#8243;][vc_column_text css=&#8221;&#8221; el_class=&#8221;titulo&#8221;]<\/p>\n<h2>BIBITE<\/h2>\n<p>[\/vc_column_text][vc_basic_grid post_type=&#8221;plato-bebida&#8221; max_items=&#8221;-1&#8243; element_width=&#8221;12&#8243; gap=&#8221;35&#8243; item=&#8221;667&#8243; initial_loading_animation=&#8221;none&#8221; grid_id=&#8221;vc_gid:1752918142960-16ea9019-71e5-9&#8243; taxonomies=&#8221;57&#8243;][vc_column_text css=&#8221;&#8221; el_class=&#8221;titulo&#8221;]<\/p>\n<h2>COCKTAILS<\/h2>\n<p>[\/vc_column_text][vc_basic_grid post_type=&#8221;plato-bebida&#8221; max_items=&#8221;-1&#8243; element_width=&#8221;12&#8243; gap=&#8221;35&#8243; item=&#8221;667&#8243; initial_loading_animation=&#8221;none&#8221; grid_id=&#8221;vc_gid:1752918142960-896b536a-2bcf-2&#8243; taxonomies=&#8221;61&#8243;]\n\t\t\t<\/div><\/div><\/div><\/div><div class=\"ult_acord advanced-tabs-desc-wrap-1192\">\n   <div class=\"ult-tabto-accordion \" style=\"width:;\"\n    data-titlecolor=\"#502a1e\"  data-titlebg=\"#e7ecea\"\n     data-titlehoverbg=\"#4f90d1\" data-titlehovercolor=\"#b10004\" data-animation=\"Fade\"\n     data-activetitle=\"#b10004\" data-activeicon=\"\" data-activebg=\"#4f90d1\" data-scroll = \"on\" data-activeindex=\"1\" >\n     <dl><dt class=\"\">\n\t        \t<a class=\"ult-tabto-actitle withBorder ult_a \" id=\"menu-comidas\" style=\"color:#502a1e;;background-color:#e7ecea;border-bottom-color:transparent;border-bottom-width:0px;border-bottom-style:solid;\" href=\"#menu-comidas\">\n\t        \t\t<i class=\"accordion-icon\"><\/i>\n\t        \t\t\t<span class=\"ult_tab_main ult_ac_main ult_noacordicnBoth\">\n\n\t\t\t\t\t\t<span  data-ultimate-target='#advanced-tabs-wrap-3366 .ult-span-text'  data-responsive-json-new='{\"font-size\":\"desktop:19px;\",\"line-height\":\"\"}'  class=\"ult-span-text no_icon ult_acordian-text ult-responsive\" style=\";color:inherit \" >PIETANZE<\/span>\n\t\t\t\t\t\t<\/span><\/a><\/dt>\n\t            \t\t<dd class=\"ult-tabto-accordionItem ult-tabto-accolapsed\">\n\t\t\t\t            <div class=\"ult-tabto-acontent\" style=\"color:#74777b;\">\n\t\t\t\t               [vc_raw_html]JTNDZGl2JTIwaWQlM0QlMjJmb3RvLW1lbnUtY29taWRhJTIyJTNFJTBBJTNDJTJGZGl2JTNF[\/vc_raw_html][vc_column_text css=&#8221;&#8221; el_class=&#8221;titulo&#8221;]<\/p>\n<h2>ANTIPASTI<\/h2>\n<p>[\/vc_column_text][vc_basic_grid post_type=&#8221;plato-bebida&#8221; max_items=&#8221;-1&#8243; element_width=&#8221;12&#8243; gap=&#8221;35&#8243; item=&#8221;667&#8243; initial_loading_animation=&#8221;none&#8221; grid_id=&#8221;vc_gid:1752918142959-030242f5-8a4d-2&#8243; taxonomies=&#8221;49&#8243;][vc_column_text css=&#8221;&#8221; el_class=&#8221;titulo&#8221;]<\/p>\n<h2>PRIMI<\/h2>\n<p>[\/vc_column_text][vc_basic_grid post_type=&#8221;plato-bebida&#8221; max_items=&#8221;-1&#8243; element_width=&#8221;12&#8243; gap=&#8221;35&#8243; item=&#8221;667&#8243; initial_loading_animation=&#8221;none&#8221; grid_id=&#8221;vc_gid:1752918142959-d2d1af35-fd64-0&#8243; taxonomies=&#8221;52&#8243;][vc_column_text css=&#8221;&#8221; el_class=&#8221;titulo&#8221;]<\/p>\n<h2>SECONDI<\/h2>\n<p>[\/vc_column_text][vc_basic_grid post_type=&#8221;plato-bebida&#8221; max_items=&#8221;-1&#8243; element_width=&#8221;12&#8243; gap=&#8221;35&#8243; item=&#8221;667&#8243; initial_loading_animation=&#8221;none&#8221; grid_id=&#8221;vc_gid:1752918142959-0b9bde16-f969-5&#8243; taxonomies=&#8221;53&#8243;][vc_column_text css=&#8221;&#8221; el_class=&#8221;titulo&#8221;]<\/p>\n<h2>DESSERT<\/h2>\n<p>[\/vc_column_text][vc_basic_grid post_type=&#8221;plato-bebida&#8221; max_items=&#8221;-1&#8243; element_width=&#8221;12&#8243; gap=&#8221;35&#8243; item=&#8221;667&#8243; initial_loading_animation=&#8221;none&#8221; grid_id=&#8221;vc_gid:1752918142959-5e93052a-1a3c-3&#8243; taxonomies=&#8221;56&#8243;]\n\t\t\t\t            <\/div>\n\t        \t\t\t<\/dd><dt class=\"\">\n\t        \t<a class=\"ult-tabto-actitle withBorder ult_a \" id=\"menu-vinos\" style=\"color:#502a1e;;background-color:#e7ecea;border-bottom-color:transparent;border-bottom-width:0px;border-bottom-style:solid;border-bottom-color:transparent;border-bottom-width:0px;border-bottom-style:solid;\" href=\"#menu-vinos\">\n\t        \t\t<i class=\"accordion-icon\"><\/i>\n\t        \t\t\t<span class=\"ult_tab_main ult_ac_main ult_noacordicnBoth\">\n\n\t\t\t\t\t\t<span  data-ultimate-target='#advanced-tabs-wrap-3366 .ult-span-text'  data-responsive-json-new='{\"font-size\":\"desktop:19px;\",\"line-height\":\"\"}'  class=\"ult-span-text no_icon ult_acordian-text ult-responsive\" style=\";color:inherit \" >VINI<\/span>\n\t\t\t\t\t\t<\/span><\/a><\/dt>\n\t            \t\t<dd class=\"ult-tabto-accordionItem ult-tabto-accolapsed\">\n\t\t\t\t            <div class=\"ult-tabto-acontent\" style=\"color:#74777b;\">\n\t\t\t\t               [vc_raw_html]JTNDZGl2JTIwaWQlM0QlMjJmb3RvLW1lbnUtYmViaWRhJTIyJTNFJTBBJTNDJTJGZGl2JTNF[\/vc_raw_html][vc_column_text css=&#8221;&#8221; el_class=&#8221;titulo&#8221;]<\/p>\n<h2>VINI ROSSI<\/h2>\n<p>[\/vc_column_text][vc_basic_grid post_type=&#8221;plato-bebida&#8221; max_items=&#8221;-1&#8243; element_width=&#8221;12&#8243; gap=&#8221;35&#8243; item=&#8221;667&#8243; initial_loading_animation=&#8221;none&#8221; grid_id=&#8221;vc_gid:1752918142959-f2a0b1bd-a3c3-4&#8243; taxonomies=&#8221;58&#8243;][vc_column_text css=&#8221;&#8221; el_class=&#8221;titulo&#8221;]<\/p>\n<h2>VINI BIANCHI<\/h2>\n<p>[\/vc_column_text][vc_basic_grid post_type=&#8221;plato-bebida&#8221; max_items=&#8221;-1&#8243; element_width=&#8221;12&#8243; gap=&#8221;35&#8243; item=&#8221;667&#8243; initial_loading_animation=&#8221;none&#8221; grid_id=&#8221;vc_gid:1752918142960-08c6e350-f882-7&#8243; taxonomies=&#8221;59&#8243;][vc_column_text css=&#8221;&#8221; el_class=&#8221;titulo&#8221;]<\/p>\n<h2>VINI ROSATI<\/h2>\n<p>[\/vc_column_text][vc_basic_grid post_type=&#8221;plato-bebida&#8221; max_items=&#8221;-1&#8243; element_width=&#8221;12&#8243; gap=&#8221;35&#8243; item=&#8221;667&#8243; initial_loading_animation=&#8221;none&#8221; grid_id=&#8221;vc_gid:1752918142960-18789bd8-131b-5&#8243; taxonomies=&#8221;60&#8243;][vc_column_text css=&#8221;&#8221; el_class=&#8221;titulo&#8221;]<\/p>\n<h2>BIBITE<\/h2>\n<p>[\/vc_column_text][vc_basic_grid post_type=&#8221;plato-bebida&#8221; max_items=&#8221;-1&#8243; element_width=&#8221;12&#8243; gap=&#8221;35&#8243; item=&#8221;667&#8243; initial_loading_animation=&#8221;none&#8221; grid_id=&#8221;vc_gid:1752918142960-16ea9019-71e5-9&#8243; taxonomies=&#8221;57&#8243;][vc_column_text css=&#8221;&#8221; el_class=&#8221;titulo&#8221;]<\/p>\n<h2>COCKTAILS<\/h2>\n<p>[\/vc_column_text][vc_basic_grid post_type=&#8221;plato-bebida&#8221; max_items=&#8221;-1&#8243; element_width=&#8221;12&#8243; gap=&#8221;35&#8243; item=&#8221;667&#8243; initial_loading_animation=&#8221;none&#8221; grid_id=&#8221;vc_gid:1752918142960-896b536a-2bcf-2&#8243; taxonomies=&#8221;61&#8243;]\n\t\t\t\t            <\/div>\n\t        \t\t\t<\/dd>\n    \t<\/dl>\n    <!--<div class=\"extraborder\" style=\"background-color:#4f90d1\"><\/div>-->\n<\/div>\n\n<\/div>[vc_empty_space][vc_column_text el_class=&#8221;size-iva&#8221;]<\/p>\n<p style=\"text-align: center;\">*Tutti i prezzi sono comprensivi di IVA.<\/p>\n<p>[\/vc_column_text][\/vc_column][\/vc_row][\/vc_section]<\/p>\n<\/div>","protected":false},"excerpt":{"rendered":"<p>[vc_section full_width=&#8221;stretch_row&#8221; el_id=&#8221;mad_menu-rste&#8221; css=&#8221;.vc_custom_1691400563488{margin-top: 32px !important;margin-bottom: 32px !important;background-position: center !important;background-repeat: no-repeat !important;background-size: cover !important;border-radius: 35px !important;}&#8221;][vc_row full_width=&#8221;stretch_row&#8221; css=&#8221;.vc_custom_1691147055915{background-position: center !important;background-repeat: no-repeat !important;background-size: contain !important;}&#8221; el_id=&#8221;menu-parte1&#8243;][vc_column][vc_empty_space height=&#8221;30px&#8221;][vc_column_text css=&#8221;&#8221;] ESPLORA I SAPORI AUTENTICI DELLA NOSTRA CUCINA ITALIANA Mangiare bene \u00e8 molto pi\u00f9 che scegliere un piatto: \u00e8 lasciarsi trasportare dal ritmo di una cucina sincera, che parla di origine, cura e attenzione &#8230; <\/p>\n<p class=\"read-more-container\"><a title=\"Menu\" class=\"read-more button\" href=\"https:\/\/cachaca.es\/it\/menu\/#more-1807\" aria-label=\"Per saperne di pi\u00f9 su Menu\">Llegir m\u00e9s<\/a><\/p>\n","protected":false},"author":7,"featured_media":0,"parent":0,"menu_order":0,"comment_status":"closed","ping_status":"closed","template":"","meta":{"_acf_changed":false,"footnotes":""},"class_list":{"0":"post-1807","1":"page","2":"type-page","3":"status-publish","5":"infinite-scroll-item"},"acf":[],"_links":{"self":[{"href":"https:\/\/cachaca.es\/it\/wp-json\/wp\/v2\/pages\/1807","targetHints":{"allow":["GET"]}}],"collection":[{"href":"https:\/\/cachaca.es\/it\/wp-json\/wp\/v2\/pages"}],"about":[{"href":"https:\/\/cachaca.es\/it\/wp-json\/wp\/v2\/types\/page"}],"author":[{"embeddable":true,"href":"https:\/\/cachaca.es\/it\/wp-json\/wp\/v2\/users\/7"}],"replies":[{"embeddable":true,"href":"https:\/\/cachaca.es\/it\/wp-json\/wp\/v2\/comments?post=1807"}],"version-history":[{"count":10,"href":"https:\/\/cachaca.es\/it\/wp-json\/wp\/v2\/pages\/1807\/revisions"}],"predecessor-version":[{"id":2327,"href":"https:\/\/cachaca.es\/it\/wp-json\/wp\/v2\/pages\/1807\/revisions\/2327"}],"wp:attachment":[{"href":"https:\/\/cachaca.es\/it\/wp-json\/wp\/v2\/media?parent=1807"}],"curies":[{"name":"wp","href":"https:\/\/api.w.org\/{rel}","templated":true}]}}