{"id":1988,"date":"2023-03-28T09:12:03","date_gmt":"2023-03-28T08:12:03","guid":{"rendered":"https:\/\/cachaca.es\/privacy-policy\/"},"modified":"2025-07-25T19:54:58","modified_gmt":"2025-07-25T18:54:58","slug":"privacy-policy","status":"publish","type":"page","link":"https:\/\/cachaca.es\/it\/privacy-policy\/","title":{"rendered":"Privacy Policy"},"content":{"rendered":"<div class=\"wpb-content-wrapper\"><p>[vc_row][vc_column][vc_empty_space][vc_column_text css=&#8221;&#8221;]<\/p>\n<h1 style=\"text-align: center;\">POLITICA SULLA PRIVACY<\/h1>\n<p style=\"text-align: center;\"><strong>Ultimo aggiornamento: 2025-07-25<\/strong><\/p>\n<h2 data-start=\"263\" data-end=\"318\">Chi \u00e8 il responsabile del trattamento dei tuoi dati?<\/h2>\n<p data-start=\"320\" data-end=\"506\"><strong data-start=\"320\" data-end=\"349\">Titolare del trattamento:<\/strong> CACHACA RESTAURANTE, S.L.<br data-start=\"375\" data-end=\"378\" \/><strong data-start=\"378\" data-end=\"400\">Partita IVA (NIF):<\/strong> B66625997<br data-start=\"410\" data-end=\"413\" \/><strong data-start=\"413\" data-end=\"427\">Indirizzo:<\/strong> Carrer d\u2019Ata\u00fclf, 5 &#8211; 08002 Barcellona<br data-start=\"465\" data-end=\"468\" \/><strong data-start=\"468\" data-end=\"490\">Email di contatto:<\/strong> <a class=\"bodylink\" rel=\"noopener\" data-start=\"491\" data-end=\"506\">info@cachaca.es<\/a><\/p>\n<h2 data-start=\"513\" data-end=\"557\">Perch\u00e9 raccogliamo i tuoi dati personali?<\/h2>\n<p data-start=\"559\" data-end=\"629\">CACHACA RESTAURANTE, S.L. tratta i tuoi dati per le seguenti finalit\u00e0:<\/p>\n<ul data-start=\"631\" data-end=\"919\">\n<li data-start=\"631\" data-end=\"690\">\n<p data-start=\"633\" data-end=\"690\">Gestire le prenotazioni effettuate tramite il sito web.<\/p>\n<\/li>\n<li data-start=\"691\" data-end=\"744\">\n<p data-start=\"693\" data-end=\"744\">Rispondere a richieste o domande di informazioni.<\/p>\n<\/li>\n<li data-start=\"745\" data-end=\"858\">\n<p data-start=\"747\" data-end=\"858\">Inviare comunicazioni promozionali o informative relative all\u2019attivit\u00e0 del ristorante (solo previo consenso).<\/p>\n<\/li>\n<li data-start=\"859\" data-end=\"919\">\n<p data-start=\"861\" data-end=\"919\">Assolvere obblighi di legge connessi alla nostra attivit\u00e0.<\/p>\n<\/li>\n<\/ul>\n<h2 data-start=\"926\" data-end=\"970\">Qual \u00e8 la base giuridica del trattamento?<\/h2>\n<p data-start=\"972\" data-end=\"1017\">Le basi legali per trattare i tuoi dati sono:<\/p>\n<ul data-start=\"1019\" data-end=\"1213\">\n<li data-start=\"1019\" data-end=\"1078\">\n<p data-start=\"1021\" data-end=\"1078\">Il consenso che ci fornisci compilando i nostri moduli.<\/p>\n<\/li>\n<li data-start=\"1079\" data-end=\"1131\">\n<p data-start=\"1081\" data-end=\"1131\">L\u2019adempimento degli obblighi legali applicabili.<\/p>\n<\/li>\n<li data-start=\"1132\" data-end=\"1213\">\n<p data-start=\"1134\" data-end=\"1213\">Il legittimo interesse a migliorare i nostri servizi e l\u2019assistenza al cliente<\/p>\n<\/li>\n<\/ul>\n<h2 data-start=\"1220\" data-end=\"1264\">Per quanto tempo conserviamo i tuoi dati?<\/h2>\n<p data-start=\"1266\" data-end=\"1530\">Conserveremo i tuoi dati personali per il tempo strettamente necessario a soddisfare le finalit\u00e0 per cui sono stati raccolti. In alcuni casi, i dati saranno conservati per i termini previsti dalla normativa fiscale, commerciale o in materia di protezione dei dati.<\/p>\n<h2 data-start=\"1537\" data-end=\"1573\">Con chi condividiamo i tuoi dati?<\/h2>\n<p data-start=\"1575\" data-end=\"1617\">I tuoi dati potranno essere condivisi con:<\/p>\n<ul data-start=\"1619\" data-end=\"1837\">\n<li data-start=\"1619\" data-end=\"1780\">\n<p data-start=\"1621\" data-end=\"1780\">Fornitori di servizi che agiscono in qualit\u00e0 di responsabili del trattamento (es. piattaforme di prenotazione come TheFork, strumenti come Google Analytics).<\/p>\n<\/li>\n<li data-start=\"1781\" data-end=\"1837\">\n<p data-start=\"1783\" data-end=\"1837\">Autorit\u00e0 pubbliche, ove previsto da obblighi di legge.<\/p>\n<\/li>\n<\/ul>\n<p data-start=\"1839\" data-end=\"1953\">Non sono previste trasferte internazionali di dati, salvo diversa disposizione normativa o tuo consenso esplicito.<\/p>\n<h2 data-start=\"1960\" data-end=\"1989\">Quali sono i tuoi diritti?<\/h2>\n<p data-start=\"1991\" data-end=\"2009\">Hai il diritto di:<\/p>\n<ul data-start=\"2011\" data-end=\"2237\">\n<li data-start=\"2011\" data-end=\"2047\">\n<p data-start=\"2013\" data-end=\"2047\">Accedere ai tuoi dati personali.<\/p>\n<\/li>\n<li data-start=\"2048\" data-end=\"2107\">\n<p data-start=\"2050\" data-end=\"2107\">Chiedere la rettifica o la cancellazione dei tuoi dati.<\/p>\n<\/li>\n<li data-start=\"2108\" data-end=\"2154\">\n<p data-start=\"2110\" data-end=\"2154\">Richiedere la limitazione del trattamento.<\/p>\n<\/li>\n<li data-start=\"2155\" data-end=\"2182\">\n<p data-start=\"2157\" data-end=\"2182\">Opporti al trattamento.<\/p>\n<\/li>\n<li data-start=\"2183\" data-end=\"2237\">\n<p data-start=\"2185\" data-end=\"2237\">Richiedere la portabilit\u00e0 dei dati, ove applicabile.<\/p>\n<\/li>\n<\/ul>\n<p data-start=\"2239\" data-end=\"2409\">Per esercitare i tuoi diritti, puoi scriverci all\u2019indirizzo <strong data-start=\"2299\" data-end=\"2318\"><a class=\"bodylink\" rel=\"noopener\" data-start=\"2301\" data-end=\"2316\">info@cachaca.es<\/a><\/strong>, indicando chiaramente la tua richiesta e allegando una copia di un documento di identit\u00e0.<\/p>\n<h2 data-start=\"2416\" data-end=\"2463\">Cosa succede se non ci fornisci i tuoi dati?<\/h2>\n<p data-start=\"2465\" data-end=\"2652\">Il conferimento dei dati \u00e8 facoltativo, ma necessario per accedere a determinati servizi. In mancanza dei dati, potremmo non essere in grado di gestire la tua richiesta o la prenotazione.<\/p>\n<h2 data-start=\"2659\" data-end=\"2691\">Come proteggiamo i tuoi dati?<\/h2>\n<p data-start=\"2693\" data-end=\"2872\">CACHACA RESTAURANTE, S.L. adotta misure tecniche e organizzative adeguate per garantire la sicurezza dei dati personali e prevenire accessi non autorizzati, perdite o alterazioni.<\/p>\n<h2 data-start=\"2879\" data-end=\"2909\">Modifiche a questa politica<\/h2>\n<p data-start=\"2911\" data-end=\"3045\">Potremo aggiornare questa informativa per adeguarla a cambiamenti normativi o operativi. Ti consigliamo di consultarla periodicamente.<\/p>\n<p>[\/vc_column_text][\/vc_column][\/vc_row]<\/p>\n<\/div>","protected":false},"excerpt":{"rendered":"<p>[vc_row][vc_column][vc_empty_space][vc_column_text css=&#8221;&#8221;] POLITICA SULLA PRIVACY Ultimo aggiornamento: 2025-07-25 Chi \u00e8 il responsabile del trattamento dei tuoi dati? Titolare del trattamento: CACHACA RESTAURANTE, S.L.Partita IVA (NIF): B66625997Indirizzo: Carrer d\u2019Ata\u00fclf, 5 &#8211; 08002 BarcellonaEmail di contatto: info@cachaca.es Perch\u00e9 raccogliamo i tuoi dati personali? CACHACA RESTAURANTE, S.L. tratta i tuoi dati per le seguenti finalit\u00e0: Gestire le prenotazioni effettuate tramite il sito web. &#8230; <\/p>\n<p class=\"read-more-container\"><a title=\"Privacy Policy\" class=\"read-more button\" href=\"https:\/\/cachaca.es\/it\/privacy-policy\/#more-1988\" aria-label=\"Per saperne di pi\u00f9 su Privacy Policy\">Llegir m\u00e9s<\/a><\/p>\n","protected":false},"author":7,"featured_media":0,"parent":0,"menu_order":0,"comment_status":"closed","ping_status":"closed","template":"","meta":{"_acf_changed":false,"footnotes":""},"class_list":{"0":"post-1988","1":"page","2":"type-page","3":"status-publish","5":"infinite-scroll-item"},"acf":[],"_links":{"self":[{"href":"https:\/\/cachaca.es\/it\/wp-json\/wp\/v2\/pages\/1988","targetHints":{"allow":["GET"]}}],"collection":[{"href":"https:\/\/cachaca.es\/it\/wp-json\/wp\/v2\/pages"}],"about":[{"href":"https:\/\/cachaca.es\/it\/wp-json\/wp\/v2\/types\/page"}],"author":[{"embeddable":true,"href":"https:\/\/cachaca.es\/it\/wp-json\/wp\/v2\/users\/7"}],"replies":[{"embeddable":true,"href":"https:\/\/cachaca.es\/it\/wp-json\/wp\/v2\/comments?post=1988"}],"version-history":[{"count":4,"href":"https:\/\/cachaca.es\/it\/wp-json\/wp\/v2\/pages\/1988\/revisions"}],"predecessor-version":[{"id":2449,"href":"https:\/\/cachaca.es\/it\/wp-json\/wp\/v2\/pages\/1988\/revisions\/2449"}],"wp:attachment":[{"href":"https:\/\/cachaca.es\/it\/wp-json\/wp\/v2\/media?parent=1988"}],"curies":[{"name":"wp","href":"https:\/\/api.w.org\/{rel}","templated":true}]}}